{"id":2188,"date":"2025-11-16T00:08:39","date_gmt":"2025-11-16T00:08:39","guid":{"rendered":"https:\/\/faceyogatouch.com\/?post_type=product&#038;p=2188"},"modified":"2025-12-11T21:53:19","modified_gmt":"2025-12-11T21:53:19","slug":"test-regard-revele","status":"publish","type":"product","link":"https:\/\/faceyogatouch.com\/fr\/produit\/test-regard-revele\/","title":{"rendered":"Test Regard R\u00e9v\u00e9l\u00e9"},"content":{"rendered":"<p>Test du flux de paiement et de la page de confirmation\u201d<\/p>\n","protected":false},"excerpt":{"rendered":"<p>Test du flux de paiement et de la page de confirmation\u201d<\/p>\n","protected":false},"featured_media":0,"comment_status":"open","ping_status":"closed","template":"","meta":[],"product_brand":[],"product_cat":[96],"product_tag":[],"class_list":{"0":"post-2188","1":"product","2":"type-product","3":"status-publish","5":"product_cat-ateliers-face-yoga","7":"first","8":"instock","9":"virtual","10":"purchasable","11":"product-type-simple"},"_links":{"self":[{"href":"https:\/\/faceyogatouch.com\/fr\/wp-json\/wp\/v2\/product\/2188","targetHints":{"allow":["GET"]}}],"collection":[{"href":"https:\/\/faceyogatouch.com\/fr\/wp-json\/wp\/v2\/product"}],"about":[{"href":"https:\/\/faceyogatouch.com\/fr\/wp-json\/wp\/v2\/types\/product"}],"replies":[{"embeddable":true,"href":"https:\/\/faceyogatouch.com\/fr\/wp-json\/wp\/v2\/comments?post=2188"}],"wp:attachment":[{"href":"https:\/\/faceyogatouch.com\/fr\/wp-json\/wp\/v2\/media?parent=2188"}],"wp:term":[{"taxonomy":"product_brand","embeddable":true,"href":"https:\/\/faceyogatouch.com\/fr\/wp-json\/wp\/v2\/product_brand?post=2188"},{"taxonomy":"product_cat","embeddable":true,"href":"https:\/\/faceyogatouch.com\/fr\/wp-json\/wp\/v2\/product_cat?post=2188"},{"taxonomy":"product_tag","embeddable":true,"href":"https:\/\/faceyogatouch.com\/fr\/wp-json\/wp\/v2\/product_tag?post=2188"}],"curies":[{"name":"wp","href":"https:\/\/api.w.org\/{rel}","templated":true}]}}