{"id":2180,"date":"2025-11-22T11:07:30","date_gmt":"2025-11-22T11:07:30","guid":{"rendered":"https:\/\/faceyogatouch.com\/?post_type=product&#038;p=2180"},"modified":"2025-12-11T21:58:41","modified_gmt":"2025-12-11T21:58:41","slug":"atelier-regard-revele","status":"publish","type":"product","link":"https:\/\/faceyogatouch.com\/fr\/produit\/atelier-regard-revele\/","title":{"rendered":"Atelier Regard R\u00e9v\u00e9l\u00e9"},"content":{"rendered":"<p>Atelier Regard R\u00e9v\u00e9l\u00e9 : diminue poches et ridules, d\u00e9tends le contour des yeux et illumine ton regard en quelques minutes par jour.<\/p>\n","protected":false},"excerpt":{"rendered":"<p>Atelier Regard R\u00e9v\u00e9l\u00e9 : diminue poches et ridules, d\u00e9tends le contour des yeux et illumine ton regard en quelques minutes par jour.<\/p>\n","protected":false},"featured_media":2181,"comment_status":"open","ping_status":"closed","template":"","meta":[],"product_brand":[],"product_cat":[96,88],"product_tag":[],"class_list":{"0":"post-2180","1":"product","2":"type-product","3":"status-publish","4":"has-post-thumbnail","6":"product_cat-ateliers-face-yoga","7":"product_cat-non-classe","9":"first","10":"instock","11":"sale","12":"shipping-taxable","13":"purchasable","14":"product-type-simple"},"_links":{"self":[{"href":"https:\/\/faceyogatouch.com\/fr\/wp-json\/wp\/v2\/product\/2180","targetHints":{"allow":["GET"]}}],"collection":[{"href":"https:\/\/faceyogatouch.com\/fr\/wp-json\/wp\/v2\/product"}],"about":[{"href":"https:\/\/faceyogatouch.com\/fr\/wp-json\/wp\/v2\/types\/product"}],"replies":[{"embeddable":true,"href":"https:\/\/faceyogatouch.com\/fr\/wp-json\/wp\/v2\/comments?post=2180"}],"wp:featuredmedia":[{"embeddable":true,"href":"https:\/\/faceyogatouch.com\/fr\/wp-json\/wp\/v2\/media\/2181"}],"wp:attachment":[{"href":"https:\/\/faceyogatouch.com\/fr\/wp-json\/wp\/v2\/media?parent=2180"}],"wp:term":[{"taxonomy":"product_brand","embeddable":true,"href":"https:\/\/faceyogatouch.com\/fr\/wp-json\/wp\/v2\/product_brand?post=2180"},{"taxonomy":"product_cat","embeddable":true,"href":"https:\/\/faceyogatouch.com\/fr\/wp-json\/wp\/v2\/product_cat?post=2180"},{"taxonomy":"product_tag","embeddable":true,"href":"https:\/\/faceyogatouch.com\/fr\/wp-json\/wp\/v2\/product_tag?post=2180"}],"curies":[{"name":"wp","href":"https:\/\/api.w.org\/{rel}","templated":true}]}}