{"id":1102,"date":"2024-07-19T02:24:32","date_gmt":"2024-07-19T02:24:32","guid":{"rendered":"https:\/\/faceyogatouch.com\/product\/cours-collectifs-paquet-de-5\/"},"modified":"2026-03-04T16:30:19","modified_gmt":"2026-03-04T16:30:19","slug":"cours-collectifs-paquet-de-5","status":"publish","type":"product","link":"https:\/\/faceyogatouch.com\/fr\/produit\/cours-collectifs-paquet-de-5\/","title":{"rendered":"Cours collectifs de Face Yoga en ligne \u2013 Paquet de 4 s\u00e9ances"},"content":{"rendered":"<h3>\u00c0 quoi s\u2019attendre ?<\/h3>\n<p>Ces s\u00e9ances vous apprennent \u00e0 <strong>tonifier, lifter et sculpter votre visage naturellement, sans injections ni chirurgie<\/strong>, gr\u00e2ce \u00e0 des techniques de Face Yoga que vous pourrez facilement int\u00e9grer dans votre routine.<\/p>\n<h3><strong>Id\u00e9al pour<\/strong><\/h3>\n<p>Personnes souhaitant raffermir leur visage naturellement, r\u00e9duire les signes de fatigue et apprendre une routine simple de Face Yoga pour retrouver un visage plus lumineux et plus tonique.<\/p>\n<h3><strong>Vos s\u00e9ances comprennent :<\/strong><\/h3>\n<p>&#x2714;&#xfe0f; Un programme de Face Yoga ciblant les pr\u00e9occupations les plus courantes li\u00e9es au vieillissement du visage.<\/p>\n<p>&#x2714;&#xfe0f; Des instructions simples et \u00e9tape par \u00e9tape pour r\u00e9aliser correctement chaque exercice.<\/p>\n<p>&#x2714;&#xfe0f; Des techniques naturelles pour tonifier, lifter et sculpter le visage et le cou.<\/p>\n<p>&#x2714;&#xfe0f; Un guide des exercices pour vous permettre de pratiquer entre les s\u00e9ances et progresser \u00e0 votre rythme.<\/p>\n<h3><strong>Les r\u00e9sultats que vous pouvez observer<\/strong><\/h3>\n<p>Au fil des s\u00e9ances, vous pourrez remarquer :<\/p>\n<p>&#x2728; Des muscles du visage et du cou plus fermes et plus tonifi\u00e9s<br \/>\n&#x2728; Un visage plus sculpt\u00e9 et plus d\u00e9tendu<br \/>\n&#x2728; Un teint plus lumineux gr\u00e2ce \u00e0 une meilleure circulation sanguine<br \/>\n&#x2728; Un drainage lymphatique am\u00e9lior\u00e9, aidant \u00e0 r\u00e9duire les gonflements<br \/>\n&#x2728; Une meilleure compr\u00e9hension des exercices pour int\u00e9grer une routine naturelle et durable<\/p>\n<h3><strong>Dur\u00e9e des s\u00e9ances<\/strong><\/h3>\n<p><strong>45 minutes par semaine<\/strong><\/p>\n<h3 data-start=\"1825\" data-end=\"1833\">Note<\/h3>\n<p data-start=\"1835\" data-end=\"1927\">Les s\u00e9ances collectives sont confirm\u00e9es lorsqu\u2019un minimum de <strong data-start=\"1896\" data-end=\"1914\">5 participants<\/strong> est atteint.<\/p>\n","protected":false},"excerpt":{"rendered":"<p>Apprenez \u00e0 tonifier et sculpter votre visage naturellement gr\u00e2ce \u00e0 des s\u00e9ances guid\u00e9es de Face Yoga.<br data-start=\"1538\" data-end=\"1541\" \/>4 s\u00e9ances collectives pour d\u00e9couvrir une routine simple et efficace.<\/p>\n","protected":false},"featured_media":248,"comment_status":"open","ping_status":"closed","template":"","meta":[],"product_brand":[],"product_cat":[88],"product_tag":[],"class_list":{"0":"post-1102","1":"product","2":"type-product","3":"status-publish","4":"has-post-thumbnail","6":"product_cat-non-classe","8":"first","9":"instock","10":"sale","11":"shipping-taxable","12":"purchasable","13":"product-type-simple"},"_links":{"self":[{"href":"https:\/\/faceyogatouch.com\/fr\/wp-json\/wp\/v2\/product\/1102","targetHints":{"allow":["GET"]}}],"collection":[{"href":"https:\/\/faceyogatouch.com\/fr\/wp-json\/wp\/v2\/product"}],"about":[{"href":"https:\/\/faceyogatouch.com\/fr\/wp-json\/wp\/v2\/types\/product"}],"replies":[{"embeddable":true,"href":"https:\/\/faceyogatouch.com\/fr\/wp-json\/wp\/v2\/comments?post=1102"}],"wp:featuredmedia":[{"embeddable":true,"href":"https:\/\/faceyogatouch.com\/fr\/wp-json\/wp\/v2\/media\/248"}],"wp:attachment":[{"href":"https:\/\/faceyogatouch.com\/fr\/wp-json\/wp\/v2\/media?parent=1102"}],"wp:term":[{"taxonomy":"product_brand","embeddable":true,"href":"https:\/\/faceyogatouch.com\/fr\/wp-json\/wp\/v2\/product_brand?post=1102"},{"taxonomy":"product_cat","embeddable":true,"href":"https:\/\/faceyogatouch.com\/fr\/wp-json\/wp\/v2\/product_cat?post=1102"},{"taxonomy":"product_tag","embeddable":true,"href":"https:\/\/faceyogatouch.com\/fr\/wp-json\/wp\/v2\/product_tag?post=1102"}],"curies":[{"name":"wp","href":"https:\/\/api.w.org\/{rel}","templated":true}]}}