{"id":1101,"date":"2024-07-19T02:20:56","date_gmt":"2024-07-19T02:20:56","guid":{"rendered":"https:\/\/faceyogatouch.com\/product\/cours-prives-paquet-de-4\/"},"modified":"2026-03-04T18:58:01","modified_gmt":"2026-03-04T18:58:01","slug":"cours-prives-paquet-de-4","status":"publish","type":"product","link":"https:\/\/faceyogatouch.com\/fr\/produit\/cours-prives-paquet-de-4\/","title":{"rendered":"Cours priv\u00e9s de Face Yoga en ligne &#8211; Paquet de 4 s\u00e9ances"},"content":{"rendered":"<div class=\"elementor-element elementor-element-3929a67d elementor-widget elementor-widget-text-editor\" data-id=\"3929a67d\" data-element_type=\"widget\" data-widget_type=\"text-editor.default\">\n<div class=\"elementor-widget-container\">\n<p data-start=\"345\" data-end=\"451\"><strong data-start=\"345\" data-end=\"451\">Un accompagnement personnalis\u00e9 pour soutenir naturellement l\u2019\u00e9quilibre et la vitalit\u00e9 de votre visage.<\/strong><\/p>\n<h3 data-start=\"453\" data-end=\"476\">\u00c0 quoi s\u2019attendre ?<\/h3>\n<p data-start=\"478\" data-end=\"601\">Ces s\u00e9ances priv\u00e9es vous offrent <strong data-start=\"511\" data-end=\"559\">un accompagnement personnalis\u00e9 et holistique<\/strong>, adapt\u00e9 \u00e0 vos objectifs et \u00e0 vos besoins.<\/p>\n<p data-start=\"603\" data-end=\"835\">Au cours des s\u00e9ances, nous explorerons diff\u00e9rentes approches naturelles adapt\u00e9es \u00e0 votre situation, pouvant inclure des exercices de Face Yoga ainsi que des conseils pratiques pour soutenir le bien-\u00eatre et l\u2019\u00e9quilibre du visage.<\/p>\n<p data-start=\"837\" data-end=\"949\">Chaque s\u00e9ance est enti\u00e8rement adapt\u00e9e \u00e0 vous, afin de vous aider \u00e0 construire une routine simple et durable.<\/p>\n<h3 data-start=\"951\" data-end=\"978\">Vos s\u00e9ances comprennent<\/h3>\n<p data-start=\"980\" data-end=\"1068\">&#x1f33f; une <strong>analyse personnalis\u00e9e<\/strong> pour identifier vos objectifs et la zone \u00e0 travailler<\/p>\n<p data-start=\"1070\" data-end=\"1143\">&#x1f33f; des exercices cibl\u00e9s pour stimuler et tonifier la zone concern\u00e9e<\/p>\n<p data-start=\"1145\" data-end=\"1221\">&#x1f33f; des conseils personnalis\u00e9s pour soutenir vos r\u00e9sultats au quotidien<\/p>\n<p data-start=\"1223\" data-end=\"1325\">&#x1f33f; des recommandations adapt\u00e9es \u00e0 vos besoins, afin de construire une routine naturelle et durable<\/p>\n<\/div>\n<\/div>\n<div class=\"elementor-element elementor-element-267f1409 elementor-widget elementor-widget-text-editor\" data-id=\"267f1409\" data-element_type=\"widget\" data-widget_type=\"text-editor.default\">\n<div class=\"elementor-widget-container\">\n<p data-start=\"456\" data-end=\"507\"><strong data-start=\"456\" data-end=\"466\">Format<\/strong><br data-start=\"466\" data-end=\"469\" \/>Les s\u00e9ances se d\u00e9roule<strong>nt en ligne.<\/strong><\/p>\n<p data-start=\"509\" data-end=\"546\"><strong data-start=\"509\" data-end=\"518\">Dur\u00e9e<\/strong><br data-start=\"518\" data-end=\"521\" \/><strong data-start=\"521\" data-end=\"546\">45 minutes par s\u00e9ance<\/strong><\/p>\n<\/div>\n<\/div>\n","protected":false},"excerpt":{"rendered":"<p>S\u00e9ances priv\u00e9es de Face Yoga en ligne avec <strong data-start=\"1338\" data-end=\"1386\">un accompagnement personnalis\u00e9 et holistique<\/strong>.<br data-start=\"1387\" data-end=\"1390\" \/>Travaillez une zone sp\u00e9cifique et apprenez des pratiques naturelles adapt\u00e9es \u00e0 vos besoins pour soutenir l\u2019\u00e9quilibre et la vitalit\u00e9 de votre visage.<\/p>\n","protected":false},"featured_media":254,"comment_status":"open","ping_status":"closed","template":"","meta":[],"product_brand":[],"product_cat":[88],"product_tag":[],"class_list":{"0":"post-1101","1":"product","2":"type-product","3":"status-publish","4":"has-post-thumbnail","6":"product_cat-non-classe","8":"first","9":"instock","10":"sale","11":"shipping-taxable","12":"purchasable","13":"product-type-simple"},"_links":{"self":[{"href":"https:\/\/faceyogatouch.com\/fr\/wp-json\/wp\/v2\/product\/1101","targetHints":{"allow":["GET"]}}],"collection":[{"href":"https:\/\/faceyogatouch.com\/fr\/wp-json\/wp\/v2\/product"}],"about":[{"href":"https:\/\/faceyogatouch.com\/fr\/wp-json\/wp\/v2\/types\/product"}],"replies":[{"embeddable":true,"href":"https:\/\/faceyogatouch.com\/fr\/wp-json\/wp\/v2\/comments?post=1101"}],"wp:featuredmedia":[{"embeddable":true,"href":"https:\/\/faceyogatouch.com\/fr\/wp-json\/wp\/v2\/media\/254"}],"wp:attachment":[{"href":"https:\/\/faceyogatouch.com\/fr\/wp-json\/wp\/v2\/media?parent=1101"}],"wp:term":[{"taxonomy":"product_brand","embeddable":true,"href":"https:\/\/faceyogatouch.com\/fr\/wp-json\/wp\/v2\/product_brand?post=1101"},{"taxonomy":"product_cat","embeddable":true,"href":"https:\/\/faceyogatouch.com\/fr\/wp-json\/wp\/v2\/product_cat?post=1101"},{"taxonomy":"product_tag","embeddable":true,"href":"https:\/\/faceyogatouch.com\/fr\/wp-json\/wp\/v2\/product_tag?post=1101"}],"curies":[{"name":"wp","href":"https:\/\/api.w.org\/{rel}","templated":true}]}}