{"id":1099,"date":"2024-07-19T02:26:08","date_gmt":"2024-07-19T02:26:08","guid":{"rendered":"https:\/\/faceyogatouch.com\/product\/cours-prives-session-unique\/"},"modified":"2026-03-04T16:57:20","modified_gmt":"2026-03-04T16:57:20","slug":"cours-prives-session-unique","status":"publish","type":"product","link":"https:\/\/faceyogatouch.com\/fr\/produit\/cours-prives-session-unique\/","title":{"rendered":"S\u00e9ance priv\u00e9e de Face Yoga -S\u00e9ance individuelle"},"content":{"rendered":"<div class=\"elementor-element elementor-element-5cc52dcb elementor-widget elementor-widget-text-editor\" data-id=\"5cc52dcb\" data-element_type=\"widget\" data-widget_type=\"text-editor.default\">\n<div class=\"elementor-widget-container\">\n<h3>\u00c0 quoi s\u2019attendre ?<\/h3>\n<p data-start=\"240\" data-end=\"358\">Lors de cette s\u00e9ance, nous travaillerons sur <strong data-start=\"299\" data-end=\"338\">une zone sp\u00e9cifique de votre visage<\/strong>, selon votre choix.<\/p>\n<p data-start=\"360\" data-end=\"386\">Les zones possibles sont :<\/p>\n<p data-start=\"388\" data-end=\"528\">\u2022 le front<br data-start=\"559\" data-end=\"562\" \/>\u2022 le contour des yeux<br data-start=\"587\" data-end=\"590\" \/>\u2022 les joues (y compris les sillons nasog\u00e9niens)<br data-start=\"641\" data-end=\"644\" \/>\u2022 la zone de la bouche<br data-start=\"670\" data-end=\"673\" \/>\u2022 le cou et la m\u00e2choire<\/p>\n<p data-start=\"530\" data-end=\"637\">Je vous montrerai les exercices de Face Yoga adapt\u00e9s \u00e0 cette zone et la bonne mani\u00e8re de les pratiquer.<\/p>\n<p data-start=\"639\" data-end=\"704\">Vous pourrez \u00e9galement poser vos questions pendant la s\u00e9ance.<\/p>\n<p data-start=\"706\" data-end=\"856\">\u00c0 la fin de la session, vous repartirez avec une base d\u2019exercices pour continuer \u00e0 pratiquer et prendre soin de cette zone de votre visage.<\/p>\n<h3 data-start=\"858\" data-end=\"868\">Format<\/h3>\n<p data-start=\"870\" data-end=\"904\">La s\u00e9ance se d\u00e9roule en ligne.<\/p>\n<h3 data-start=\"906\" data-end=\"915\">Dur\u00e9e<\/h3>\n<p data-start=\"917\" data-end=\"931\"><strong data-start=\"917\" data-end=\"931\">30 minutes<\/strong><\/p>\n<\/div>\n<\/div>\n","protected":false},"excerpt":{"rendered":"<p>S\u00e9ance priv\u00e9e de Face Yoga en ligne pour travailler une zone sp\u00e9cifique du visage (front, contour des yeux, joues, bouche ou cou).<br \/>\nApprenez les exercices adapt\u00e9s et repartez avec une base pour continuer \u00e0 pratiquer chez vous.<\/p>\n","protected":false},"featured_media":252,"comment_status":"open","ping_status":"closed","template":"","meta":[],"product_brand":[],"product_cat":[88],"product_tag":[],"class_list":{"0":"post-1099","1":"product","2":"type-product","3":"status-publish","4":"has-post-thumbnail","6":"product_cat-non-classe","8":"first","9":"instock","10":"sale","11":"shipping-taxable","12":"purchasable","13":"product-type-simple"},"_links":{"self":[{"href":"https:\/\/faceyogatouch.com\/fr\/wp-json\/wp\/v2\/product\/1099","targetHints":{"allow":["GET"]}}],"collection":[{"href":"https:\/\/faceyogatouch.com\/fr\/wp-json\/wp\/v2\/product"}],"about":[{"href":"https:\/\/faceyogatouch.com\/fr\/wp-json\/wp\/v2\/types\/product"}],"replies":[{"embeddable":true,"href":"https:\/\/faceyogatouch.com\/fr\/wp-json\/wp\/v2\/comments?post=1099"}],"wp:featuredmedia":[{"embeddable":true,"href":"https:\/\/faceyogatouch.com\/fr\/wp-json\/wp\/v2\/media\/252"}],"wp:attachment":[{"href":"https:\/\/faceyogatouch.com\/fr\/wp-json\/wp\/v2\/media?parent=1099"}],"wp:term":[{"taxonomy":"product_brand","embeddable":true,"href":"https:\/\/faceyogatouch.com\/fr\/wp-json\/wp\/v2\/product_brand?post=1099"},{"taxonomy":"product_cat","embeddable":true,"href":"https:\/\/faceyogatouch.com\/fr\/wp-json\/wp\/v2\/product_cat?post=1099"},{"taxonomy":"product_tag","embeddable":true,"href":"https:\/\/faceyogatouch.com\/fr\/wp-json\/wp\/v2\/product_tag?post=1099"}],"curies":[{"name":"wp","href":"https:\/\/api.w.org\/{rel}","templated":true}]}}