{"id":743,"date":"2024-05-28T03:46:03","date_gmt":"2024-05-28T03:46:03","guid":{"rendered":"https:\/\/faceyogatouch.com\/blog\/"},"modified":"2024-08-02T06:37:11","modified_gmt":"2024-08-02T06:37:11","slug":"blog","status":"publish","type":"page","link":"https:\/\/faceyogatouch.com\/fr\/blog\/","title":{"rendered":"Blog"},"content":{"rendered":"\t\t<div data-elementor-type=\"wp-page\" data-elementor-id=\"743\" class=\"elementor elementor-743 elementor-539\" data-elementor-post-type=\"page\">\n\t\t\t\t\t\t<section class=\"elementor-section elementor-top-section elementor-element elementor-element-5a173f4c elementor-section-height-min-height elementor-section-items-bottom elementor-section-boxed elementor-section-height-default\" data-id=\"5a173f4c\" data-element_type=\"section\" data-e-type=\"section\" data-settings=\"{&quot;background_background&quot;:&quot;classic&quot;}\">\n\t\t\t\t\t\t<div class=\"elementor-container elementor-column-gap-default\">\n\t\t\t\t\t<div class=\"elementor-column elementor-col-100 elementor-top-column elementor-element elementor-element-432132d0 elementor-hidden-desktop elementor-hidden-tablet elementor-hidden-mobile\" data-id=\"432132d0\" data-element_type=\"column\" data-e-type=\"column\" data-settings=\"{&quot;background_background&quot;:&quot;classic&quot;}\">\n\t\t\t<div class=\"elementor-widget-wrap elementor-element-populated\">\n\t\t\t\t\t\t<div class=\"elementor-element elementor-element-4d275c34 elementor-widget elementor-widget-heading\" data-id=\"4d275c34\" data-element_type=\"widget\" data-e-type=\"widget\" data-widget_type=\"heading.default\">\n\t\t\t\t<div class=\"elementor-widget-container\">\n\t\t\t\t\t<h2 class=\"elementor-heading-title elementor-size-default\">BLOG<\/h2>\t\t\t\t<\/div>\n\t\t\t\t<\/div>\n\t\t\t\t\t<\/div>\n\t\t<\/div>\n\t\t\t\t\t<\/div>\n\t\t<\/section>\n\t\t\t\t<section class=\"elementor-section elementor-top-section elementor-element elementor-element-640cfa38 elementor-section-boxed elementor-section-height-default elementor-section-height-default\" data-id=\"640cfa38\" data-element_type=\"section\" data-e-type=\"section\">\n\t\t\t\t\t\t<div class=\"elementor-container elementor-column-gap-default\">\n\t\t\t\t\t<div class=\"elementor-column elementor-col-100 elementor-top-column elementor-element elementor-element-c1882c4\" data-id=\"c1882c4\" data-element_type=\"column\" data-e-type=\"column\">\n\t\t\t<div class=\"elementor-widget-wrap elementor-element-populated\">\n\t\t\t\t\t\t<div class=\"elementor-element elementor-element-44b699b4 elementor-grid-3 elementor-grid-tablet-2 elementor-grid-mobile-1 elementor-posts--thumbnail-top elementor-widget elementor-widget-posts\" data-id=\"44b699b4\" data-element_type=\"widget\" data-e-type=\"widget\" data-settings=\"{&quot;classic_columns&quot;:&quot;3&quot;,&quot;classic_columns_tablet&quot;:&quot;2&quot;,&quot;classic_columns_mobile&quot;:&quot;1&quot;,&quot;classic_row_gap&quot;:{&quot;unit&quot;:&quot;px&quot;,&quot;size&quot;:35,&quot;sizes&quot;:[]},&quot;classic_row_gap_tablet&quot;:{&quot;unit&quot;:&quot;px&quot;,&quot;size&quot;:&quot;&quot;,&quot;sizes&quot;:[]},&quot;classic_row_gap_mobile&quot;:{&quot;unit&quot;:&quot;px&quot;,&quot;size&quot;:&quot;&quot;,&quot;sizes&quot;:[]}}\" data-widget_type=\"posts.classic\">\n\t\t\t\t<div class=\"elementor-widget-container\">\n\t\t\t\t\t\t\t<div class=\"elementor-posts-container elementor-posts elementor-posts--skin-classic elementor-grid\">\n\t\t\t\t<article class=\"elementor-post elementor-grid-item post-2335 post type-post status-publish format-standard has-post-thumbnail hentry category-conseils-face-yoga\">\n\t\t\t\t<a class=\"elementor-post__thumbnail__link\" href=\"https:\/\/faceyogatouch.com\/fr\/vieillir-trop-vite-visage\/\" tabindex=\"-1\" >\n\t\t\t<div class=\"elementor-post__thumbnail\"><img fetchpriority=\"high\" decoding=\"async\" width=\"1152\" height=\"2034\" src=\"https:\/\/faceyogatouch.com\/wp-content\/uploads\/2024\/05\/IMG_20240508_182603_731-1-1.jpg\" class=\"attachment-full size-full wp-image-1887\" alt=\"\" srcset=\"https:\/\/faceyogatouch.com\/wp-content\/uploads\/2024\/05\/IMG_20240508_182603_731-1-1.jpg 1152w, https:\/\/faceyogatouch.com\/wp-content\/uploads\/2024\/05\/IMG_20240508_182603_731-1-1-170x300.jpg 170w, https:\/\/faceyogatouch.com\/wp-content\/uploads\/2024\/05\/IMG_20240508_182603_731-1-1-580x1024.jpg 580w, https:\/\/faceyogatouch.com\/wp-content\/uploads\/2024\/05\/IMG_20240508_182603_731-1-1-768x1356.jpg 768w, https:\/\/faceyogatouch.com\/wp-content\/uploads\/2024\/05\/IMG_20240508_182603_731-1-1-870x1536.jpg 870w, https:\/\/faceyogatouch.com\/wp-content\/uploads\/2024\/05\/IMG_20240508_182603_731-1-1-600x1059.jpg 600w\" sizes=\"(max-width: 1152px) 100vw, 1152px\" \/><\/div>\n\t\t<\/a>\n\t\t\t\t<div class=\"elementor-post__text\">\n\t\t\t\t<h3 class=\"elementor-post__title\">\n\t\t\t<a href=\"https:\/\/faceyogatouch.com\/fr\/vieillir-trop-vite-visage\/\" >\n\t\t\t\tPourquoi ai-je l\u2019impression de vieillir trop vite ?\t\t\t<\/a>\n\t\t<\/h3>\n\t\t\t\t<div class=\"elementor-post__excerpt\">\n\t\t\t<p>Vous avez l\u2019impression que votre visage vieillit trop vite ? D\u00e9couvrez pourquoi cela arrive et comment r\u00e9veiller naturellement votre visage gr\u00e2ce \u00e0 des gestes simples.<\/p>\n\t\t<\/div>\n\t\t\n\t\t<a class=\"elementor-post__read-more\" href=\"https:\/\/faceyogatouch.com\/fr\/vieillir-trop-vite-visage\/\" aria-label=\"En savoir plus sur Pourquoi ai-je l\u2019impression de vieillir trop vite ?\" tabindex=\"-1\" >\n\t\t\tRead More \u00bb\t\t<\/a>\n\n\t\t\t\t<\/div>\n\t\t\t\t<\/article>\n\t\t\t\t<article class=\"elementor-post elementor-grid-item post-2130 post type-post status-publish format-standard has-post-thumbnail hentry category-non-classifiee\">\n\t\t\t\t<a class=\"elementor-post__thumbnail__link\" href=\"https:\/\/faceyogatouch.com\/fr\/routine-face-yoga-regard-fatigue\/\" tabindex=\"-1\" >\n\t\t\t<div class=\"elementor-post__thumbnail\"><img decoding=\"async\" width=\"1078\" height=\"896\" src=\"https:\/\/faceyogatouch.com\/wp-content\/uploads\/2025\/07\/1000122783_0e6d66e493662c06d5728d341869eaba-7_15_2025-5_21_34-PM.jpg\" class=\"attachment-full size-full wp-image-2129\" alt=\"\" srcset=\"https:\/\/faceyogatouch.com\/wp-content\/uploads\/2025\/07\/1000122783_0e6d66e493662c06d5728d341869eaba-7_15_2025-5_21_34-PM.jpg 1078w, https:\/\/faceyogatouch.com\/wp-content\/uploads\/2025\/07\/1000122783_0e6d66e493662c06d5728d341869eaba-7_15_2025-5_21_34-PM-300x249.jpg 300w, https:\/\/faceyogatouch.com\/wp-content\/uploads\/2025\/07\/1000122783_0e6d66e493662c06d5728d341869eaba-7_15_2025-5_21_34-PM-1024x851.jpg 1024w, https:\/\/faceyogatouch.com\/wp-content\/uploads\/2025\/07\/1000122783_0e6d66e493662c06d5728d341869eaba-7_15_2025-5_21_34-PM-768x638.jpg 768w, https:\/\/faceyogatouch.com\/wp-content\/uploads\/2025\/07\/1000122783_0e6d66e493662c06d5728d341869eaba-7_15_2025-5_21_34-PM-600x499.jpg 600w\" sizes=\"(max-width: 1078px) 100vw, 1078px\" \/><\/div>\n\t\t<\/a>\n\t\t\t\t<div class=\"elementor-post__text\">\n\t\t\t\t<h3 class=\"elementor-post__title\">\n\t\t\t<a href=\"https:\/\/faceyogatouch.com\/fr\/routine-face-yoga-regard-fatigue\/\" >\n\t\t\t\tAdieu regard fatigu\u00e9 : ma routine Face Yoga en 3 \u00e9tapes pour illuminer ton regard\t\t\t<\/a>\n\t\t<\/h3>\n\t\t\t\t<div class=\"elementor-post__excerpt\">\n\t\t\t\t\t<\/div>\n\t\t\n\t\t<a class=\"elementor-post__read-more\" href=\"https:\/\/faceyogatouch.com\/fr\/routine-face-yoga-regard-fatigue\/\" aria-label=\"En savoir plus sur Adieu regard fatigu\u00e9 : ma routine Face Yoga en 3 \u00e9tapes pour illuminer ton regard\" tabindex=\"-1\" >\n\t\t\tRead More \u00bb\t\t<\/a>\n\n\t\t\t\t<\/div>\n\t\t\t\t<\/article>\n\t\t\t\t<article class=\"elementor-post elementor-grid-item post-2117 post type-post status-publish format-standard has-post-thumbnail hentry category-non-classifiee\">\n\t\t\t\t<a class=\"elementor-post__thumbnail__link\" href=\"https:\/\/faceyogatouch.com\/fr\/tension-machoire-lifting-joues-face-yoga\/\" tabindex=\"-1\" >\n\t\t\t<div class=\"elementor-post__thumbnail\"><img decoding=\"async\" width=\"1066\" height=\"1216\" src=\"https:\/\/faceyogatouch.com\/wp-content\/uploads\/2025\/07\/joues.jpg\" class=\"attachment-full size-full wp-image-2105\" alt=\"\" srcset=\"https:\/\/faceyogatouch.com\/wp-content\/uploads\/2025\/07\/joues.jpg 1066w, https:\/\/faceyogatouch.com\/wp-content\/uploads\/2025\/07\/joues-263x300.jpg 263w, https:\/\/faceyogatouch.com\/wp-content\/uploads\/2025\/07\/joues-898x1024.jpg 898w, https:\/\/faceyogatouch.com\/wp-content\/uploads\/2025\/07\/joues-768x876.jpg 768w, https:\/\/faceyogatouch.com\/wp-content\/uploads\/2025\/07\/joues-600x684.jpg 600w\" sizes=\"(max-width: 1066px) 100vw, 1066px\" \/><\/div>\n\t\t<\/a>\n\t\t\t\t<div class=\"elementor-post__text\">\n\t\t\t\t<h3 class=\"elementor-post__title\">\n\t\t\t<a href=\"https:\/\/faceyogatouch.com\/fr\/tension-machoire-lifting-joues-face-yoga\/\" >\n\t\t\t\tLe Lien Cach\u00e9 entre Tension de la M\u00e2choire et Rel\u00e2chement des Joues\u2014Et Comment y Rem\u00e9dier\t\t\t<\/a>\n\t\t<\/h3>\n\t\t\t\t<div class=\"elementor-post__excerpt\">\n\t\t\t<p>Vous pensez peut-\u00eatre que vos joues s\u2019affaissent \u00e0 cause de l\u2019\u00e2ge. Mais la vraie cause pourrait \u00eatre une tension cach\u00e9e dans votre m\u00e2choire.Et une fois lib\u00e9r\u00e9e, votre visage peut se<\/p>\n\t\t<\/div>\n\t\t\n\t\t<a class=\"elementor-post__read-more\" href=\"https:\/\/faceyogatouch.com\/fr\/tension-machoire-lifting-joues-face-yoga\/\" aria-label=\"En savoir plus sur Le Lien Cach\u00e9 entre Tension de la M\u00e2choire et Rel\u00e2chement des Joues\u2014Et Comment y Rem\u00e9dier\" tabindex=\"-1\" >\n\t\t\tRead More \u00bb\t\t<\/a>\n\n\t\t\t\t<\/div>\n\t\t\t\t<\/article>\n\t\t\t\t<article class=\"elementor-post elementor-grid-item post-2111 post type-post status-publish format-standard has-post-thumbnail hentry category-non-classifiee\">\n\t\t\t\t<a class=\"elementor-post__thumbnail__link\" href=\"https:\/\/faceyogatouch.com\/fr\/lisser-rides-front-face-yoga\/\" tabindex=\"-1\" >\n\t\t\t<div class=\"elementor-post__thumbnail\"><img loading=\"lazy\" decoding=\"async\" width=\"1080\" height=\"1920\" src=\"https:\/\/faceyogatouch.com\/wp-content\/uploads\/2025\/07\/1000025393_48fafa23c7ddc7092f027508c8542b7e-9_9_2024-4_08_17-PM-1.webp\" class=\"attachment-full size-full wp-image-2097\" alt=\"\" srcset=\"https:\/\/faceyogatouch.com\/wp-content\/uploads\/2025\/07\/1000025393_48fafa23c7ddc7092f027508c8542b7e-9_9_2024-4_08_17-PM-1.webp 1080w, https:\/\/faceyogatouch.com\/wp-content\/uploads\/2025\/07\/1000025393_48fafa23c7ddc7092f027508c8542b7e-9_9_2024-4_08_17-PM-1-169x300.webp 169w, https:\/\/faceyogatouch.com\/wp-content\/uploads\/2025\/07\/1000025393_48fafa23c7ddc7092f027508c8542b7e-9_9_2024-4_08_17-PM-1-576x1024.webp 576w, https:\/\/faceyogatouch.com\/wp-content\/uploads\/2025\/07\/1000025393_48fafa23c7ddc7092f027508c8542b7e-9_9_2024-4_08_17-PM-1-768x1365.webp 768w, https:\/\/faceyogatouch.com\/wp-content\/uploads\/2025\/07\/1000025393_48fafa23c7ddc7092f027508c8542b7e-9_9_2024-4_08_17-PM-1-864x1536.webp 864w, https:\/\/faceyogatouch.com\/wp-content\/uploads\/2025\/07\/1000025393_48fafa23c7ddc7092f027508c8542b7e-9_9_2024-4_08_17-PM-1-600x1067.webp 600w\" sizes=\"(max-width: 1080px) 100vw, 1080px\" \/><\/div>\n\t\t<\/a>\n\t\t\t\t<div class=\"elementor-post__text\">\n\t\t\t\t<h3 class=\"elementor-post__title\">\n\t\t\t<a href=\"https:\/\/faceyogatouch.com\/fr\/lisser-rides-front-face-yoga\/\" >\n\t\t\t\tComment Lisser Naturellement les Rides du Front et Retrouver Votre \u00c9clat\t\t\t<\/a>\n\t\t<\/h3>\n\t\t\t\t<div class=\"elementor-post__excerpt\">\n\t\t\t<p>Votre front ne doit plus porter le poids de votre stress. Ces rides profondes ne sont pas une fatalit\u00e9. Il existe une m\u00e9thode douce, naturelle et efficace pour les att\u00e9nuer\u2014et<\/p>\n\t\t<\/div>\n\t\t\n\t\t<a class=\"elementor-post__read-more\" href=\"https:\/\/faceyogatouch.com\/fr\/lisser-rides-front-face-yoga\/\" aria-label=\"En savoir plus sur Comment Lisser Naturellement les Rides du Front et Retrouver Votre \u00c9clat\" tabindex=\"-1\" >\n\t\t\tRead More \u00bb\t\t<\/a>\n\n\t\t\t\t<\/div>\n\t\t\t\t<\/article>\n\t\t\t\t<article class=\"elementor-post elementor-grid-item post-2047 post type-post status-publish format-standard has-post-thumbnail hentry category-non-classifiee\">\n\t\t\t\t<a class=\"elementor-post__thumbnail__link\" href=\"https:\/\/faceyogatouch.com\/fr\/les-bienfaits-insoupconnes-de-la-respiration-pour-un-visage-detendu-et-lumineux\/\" tabindex=\"-1\" >\n\t\t\t<div class=\"elementor-post__thumbnail\"><img loading=\"lazy\" decoding=\"async\" width=\"1080\" height=\"1343\" src=\"https:\/\/faceyogatouch.com\/wp-content\/uploads\/2025\/06\/fyt-respiration.jpg\" class=\"attachment-full size-full wp-image-2094\" alt=\"\" srcset=\"https:\/\/faceyogatouch.com\/wp-content\/uploads\/2025\/06\/fyt-respiration.jpg 1080w, https:\/\/faceyogatouch.com\/wp-content\/uploads\/2025\/06\/fyt-respiration-241x300.jpg 241w, https:\/\/faceyogatouch.com\/wp-content\/uploads\/2025\/06\/fyt-respiration-823x1024.jpg 823w, https:\/\/faceyogatouch.com\/wp-content\/uploads\/2025\/06\/fyt-respiration-768x955.jpg 768w, https:\/\/faceyogatouch.com\/wp-content\/uploads\/2025\/06\/fyt-respiration-600x746.jpg 600w\" sizes=\"(max-width: 1080px) 100vw, 1080px\" \/><\/div>\n\t\t<\/a>\n\t\t\t\t<div class=\"elementor-post__text\">\n\t\t\t\t<h3 class=\"elementor-post__title\">\n\t\t\t<a href=\"https:\/\/faceyogatouch.com\/fr\/les-bienfaits-insoupconnes-de-la-respiration-pour-un-visage-detendu-et-lumineux\/\" >\n\t\t\t\tLes bienfaits insoup\u00e7onn\u00e9s de la respiration pour un visage d\u00e9tendu et lumineux\t\t\t<\/a>\n\t\t<\/h3>\n\t\t\t\t<div class=\"elementor-post__excerpt\">\n\t\t\t\t\t<\/div>\n\t\t\n\t\t<a class=\"elementor-post__read-more\" href=\"https:\/\/faceyogatouch.com\/fr\/les-bienfaits-insoupconnes-de-la-respiration-pour-un-visage-detendu-et-lumineux\/\" aria-label=\"En savoir plus sur Les bienfaits insoup\u00e7onn\u00e9s de la respiration pour un visage d\u00e9tendu et lumineux\" tabindex=\"-1\" >\n\t\t\tRead More \u00bb\t\t<\/a>\n\n\t\t\t\t<\/div>\n\t\t\t\t<\/article>\n\t\t\t\t<article class=\"elementor-post elementor-grid-item post-2042 post type-post status-publish format-standard has-post-thumbnail hentry category-non-classifiee\">\n\t\t\t\t<a class=\"elementor-post__thumbnail__link\" href=\"https:\/\/faceyogatouch.com\/fr\/alimentation-et-eclat-de-peau\/\" tabindex=\"-1\" >\n\t\t\t<div class=\"elementor-post__thumbnail\"><img loading=\"lazy\" decoding=\"async\" width=\"1729\" height=\"2560\" src=\"https:\/\/faceyogatouch.com\/wp-content\/uploads\/2025\/06\/GREEN-DRINK-scaled.jpg\" class=\"attachment-full size-full wp-image-2080\" alt=\"\" srcset=\"https:\/\/faceyogatouch.com\/wp-content\/uploads\/2025\/06\/GREEN-DRINK-scaled.jpg 1729w, https:\/\/faceyogatouch.com\/wp-content\/uploads\/2025\/06\/GREEN-DRINK-203x300.jpg 203w, https:\/\/faceyogatouch.com\/wp-content\/uploads\/2025\/06\/GREEN-DRINK-692x1024.jpg 692w, https:\/\/faceyogatouch.com\/wp-content\/uploads\/2025\/06\/GREEN-DRINK-768x1137.jpg 768w, https:\/\/faceyogatouch.com\/wp-content\/uploads\/2025\/06\/GREEN-DRINK-1037x1536.jpg 1037w, https:\/\/faceyogatouch.com\/wp-content\/uploads\/2025\/06\/GREEN-DRINK-1383x2048.jpg 1383w, https:\/\/faceyogatouch.com\/wp-content\/uploads\/2025\/06\/GREEN-DRINK-600x888.jpg 600w\" sizes=\"(max-width: 1729px) 100vw, 1729px\" \/><\/div>\n\t\t<\/a>\n\t\t\t\t<div class=\"elementor-post__text\">\n\t\t\t\t<h3 class=\"elementor-post__title\">\n\t\t\t<a href=\"https:\/\/faceyogatouch.com\/fr\/alimentation-et-eclat-de-peau\/\" >\n\t\t\t\tVotre alimentation joue-t-elle un r\u00f4le dans l\u2019\u00e9clat et la jeunesse de votre visage ?\t\t\t<\/a>\n\t\t<\/h3>\n\t\t\t\t<div class=\"elementor-post__excerpt\">\n\t\t\t<p>Avez-vous d\u00e9j\u00e0 remarqu\u00e9 que votre peau para\u00eet plus terne apr\u00e8s une p\u00e9riode d&rsquo;alimentation d\u00e9s\u00e9quilibr\u00e9e ? Ou au contraire, qu\u2019elle devient plus \u00e9clatante lorsque vous mangez plus sainement ? Ce n&rsquo;est<\/p>\n\t\t<\/div>\n\t\t\n\t\t<a class=\"elementor-post__read-more\" href=\"https:\/\/faceyogatouch.com\/fr\/alimentation-et-eclat-de-peau\/\" aria-label=\"En savoir plus sur Votre alimentation joue-t-elle un r\u00f4le dans l\u2019\u00e9clat et la jeunesse de votre visage ?\" tabindex=\"-1\" >\n\t\t\tRead More \u00bb\t\t<\/a>\n\n\t\t\t\t<\/div>\n\t\t\t\t<\/article>\n\t\t\t\t<\/div>\n\t\t\n\t\t\t\t\t\t<\/div>\n\t\t\t\t<\/div>\n\t\t\t\t\t<\/div>\n\t\t<\/div>\n\t\t\t\t\t<\/div>\n\t\t<\/section>\n\t\t\t\t<\/div>\n\t\t","protected":false},"excerpt":{"rendered":"<p>BLOG<\/p>\n","protected":false},"author":1,"featured_media":0,"parent":0,"menu_order":0,"comment_status":"closed","ping_status":"closed","template":"elementor_header_footer","meta":{"footnotes":""},"class_list":["post-743","page","type-page","status-publish","hentry"],"_links":{"self":[{"href":"https:\/\/faceyogatouch.com\/fr\/wp-json\/wp\/v2\/pages\/743","targetHints":{"allow":["GET"]}}],"collection":[{"href":"https:\/\/faceyogatouch.com\/fr\/wp-json\/wp\/v2\/pages"}],"about":[{"href":"https:\/\/faceyogatouch.com\/fr\/wp-json\/wp\/v2\/types\/page"}],"author":[{"embeddable":true,"href":"https:\/\/faceyogatouch.com\/fr\/wp-json\/wp\/v2\/users\/1"}],"replies":[{"embeddable":true,"href":"https:\/\/faceyogatouch.com\/fr\/wp-json\/wp\/v2\/comments?post=743"}],"version-history":[{"count":1,"href":"https:\/\/faceyogatouch.com\/fr\/wp-json\/wp\/v2\/pages\/743\/revisions"}],"predecessor-version":[{"id":1019,"href":"https:\/\/faceyogatouch.com\/fr\/wp-json\/wp\/v2\/pages\/743\/revisions\/1019"}],"wp:attachment":[{"href":"https:\/\/faceyogatouch.com\/fr\/wp-json\/wp\/v2\/media?parent=743"}],"curies":[{"name":"wp","href":"https:\/\/api.w.org\/{rel}","templated":true}]}}